{"id":51,"date":"2017-09-16T09:19:35","date_gmt":"2017-09-16T07:19:35","guid":{"rendered":"http:\/\/biob.thgr.ch\/?page_id=51"},"modified":"2026-03-13T20:00:02","modified_gmt":"2026-03-13T19:00:02","slug":"ueber-uns","status":"publish","type":"page","link":"https:\/\/www.bibliothek-obersaxen.ch\/?page_id=51","title":{"rendered":"Bibliothek und Team"},"content":{"rendered":"<h4>Gr\u00fcndung<\/h4>\n<p>Die Bibliothek wurde 1993 er\u00f6ffnet und befindet sich im ersten Stock des neuen &#8222;alten&#8220; Schulhauses. Die Bibliothek Obersaxen Mundaun ist eine Schul- und Gemeindebibliothek.<\/p>\n<p>In unserer kleinen Bibliothek hat es ca. 4500 Medien, die fleissig von unseren Lesern ausgeliehen werden. Dank ihnen haben wir einen aktuellen B\u00fccherstand, leihen aber auch DVD&#8217;s und Spiele aus. Gerne erf\u00fcllen wir auch Ihren pers\u00f6nlichen B\u00fccherwunsch!<\/p>\n<p>Mit einem aktuellen Konto k\u00f6nnen Sie auch digital B\u00fccher bei DiBiOst ausleihen.<\/p>\n<p><strong>WIR SAGEN DANKE!<\/strong><\/p>\n<p>Herzlichen Dank an die unvergesslichen, vergangenen Momente und allen wundersch\u00f6nen Augenblicken, die noch folgen werden.<\/p>\n<p>Unsere kurzen Jubil\u00e4umsgeschichten finden Sie hier:<\/p>\n<ul>\n<li><a href=\"http:\/\/biob.thgr.ch\/wp-content\/uploads\/2017\/09\/Zusammenfassung-10-Jahre-Bibliothek-zum-B\u00fccherdschungel.pdf\">10 Jahre Bibliothek Obersaxen 2003<\/a><\/li>\n<li><a href=\"http:\/\/biob.thgr.ch\/wp-content\/uploads\/2017\/09\/20-Ja\u00e0\u00e0r-D\u00e0nke.pdf\">20 Jahre Bibliothek Obersaxen 2013<\/a><\/li>\n<\/ul>\n<h4>Team<\/h4>\n<p>Unsere Mitarbeiterinnen sind:<\/p>\n<ul>\n<li>Monika Schmucki, Leitung<\/li>\n<li>Katja Mirer, Leitung<\/li>\n<li>Andrea Coray, Ausleihe<\/li>\n<li>Martina Janka, Ausleihe und Leitung i. A.<\/li>\n<li>Christa Sax, Ausleihe<\/li>\n<li>Luzia Sax, Ausleihe mit Chinderbuachzit<\/li>\n<li>Chiara Janka, Content Management<\/li>\n<\/ul>\n\n\n<p><\/p>\n","protected":false},"excerpt":{"rendered":"<p>Gr\u00fcndung Die Bibliothek wurde 1993 er\u00f6ffnet und befindet sich im ersten Stock des neuen &#8222;alten&#8220; Schulhauses. Die Bibliothek Obersaxen Mundaun ist eine Schul- und Gemeindebibliothek. In unserer kleinen Bibliothek hat es ca. 4500 Medien, die fleissig von unseren Lesern ausgeliehen werden. Dank ihnen haben wir einen aktuellen B\u00fccherstand, leihen aber auch DVD&#8217;s und Spiele aus. [&hellip;]<\/p>\n","protected":false},"author":2,"featured_media":0,"parent":0,"menu_order":2,"comment_status":"closed","ping_status":"closed","template":"","meta":{"footnotes":""},"class_list":["post-51","page","type-page","status-publish","hentry"],"_links":{"self":[{"href":"https:\/\/www.bibliothek-obersaxen.ch\/index.php?rest_route=\/wp\/v2\/pages\/51","targetHints":{"allow":["GET"]}}],"collection":[{"href":"https:\/\/www.bibliothek-obersaxen.ch\/index.php?rest_route=\/wp\/v2\/pages"}],"about":[{"href":"https:\/\/www.bibliothek-obersaxen.ch\/index.php?rest_route=\/wp\/v2\/types\/page"}],"author":[{"embeddable":true,"href":"https:\/\/www.bibliothek-obersaxen.ch\/index.php?rest_route=\/wp\/v2\/users\/2"}],"replies":[{"embeddable":true,"href":"https:\/\/www.bibliothek-obersaxen.ch\/index.php?rest_route=%2Fwp%2Fv2%2Fcomments&post=51"}],"version-history":[{"count":50,"href":"https:\/\/www.bibliothek-obersaxen.ch\/index.php?rest_route=\/wp\/v2\/pages\/51\/revisions"}],"predecessor-version":[{"id":1810,"href":"https:\/\/www.bibliothek-obersaxen.ch\/index.php?rest_route=\/wp\/v2\/pages\/51\/revisions\/1810"}],"wp:attachment":[{"href":"https:\/\/www.bibliothek-obersaxen.ch\/index.php?rest_route=%2Fwp%2Fv2%2Fmedia&parent=51"}],"curies":[{"name":"wp","href":"https:\/\/api.w.org\/{rel}","templated":true}]}}